{"id":39,"date":"2026-01-13T17:37:46","date_gmt":"2026-01-13T17:37:46","guid":{"rendered":"https:\/\/l-osteo.be\/index.php\/home\/"},"modified":"2026-01-30T08:28:56","modified_gmt":"2026-01-30T08:28:56","slug":"home","status":"publish","type":"page","link":"https:\/\/l-osteo.be\/","title":{"rendered":"L-OSTEO.BE"},"content":{"rendered":"\n<div class=\"wp-block-group alignfull superbthemes-navigation-004 is-layout-flow wp-block-group-is-layout-flow\" style=\"margin-top:0;margin-bottom:0;padding-top:0;padding-bottom:0\">\n<div class=\"wp-block-columns is-layout-flex wp-container-core-columns-is-layout-28f84493 wp-block-columns-is-layout-flex\">\n<div class=\"wp-block-column is-layout-flow wp-block-column-is-layout-flow\" style=\"flex-basis:100%\">\n<div class=\"wp-block-cover\" style=\"min-height:707px;aspect-ratio:unset;\"><img decoding=\"async\" width=\"1439\" height=\"1366\" class=\"wp-block-cover__image-background wp-image-151 size-full\" alt=\"\" src=\"http:\/\/l-osteo.be\/wp-content\/uploads\/2026\/01\/cf.jpg\" style=\"object-position:39% 59%\" data-object-fit=\"cover\" data-object-position=\"39% 59%\" srcset=\"https:\/\/l-osteo.be\/wp-content\/uploads\/2026\/01\/cf.jpg 1439w, https:\/\/l-osteo.be\/wp-content\/uploads\/2026\/01\/cf-300x285.jpg 300w, https:\/\/l-osteo.be\/wp-content\/uploads\/2026\/01\/cf-1024x972.jpg 1024w, https:\/\/l-osteo.be\/wp-content\/uploads\/2026\/01\/cf-768x729.jpg 768w\" sizes=\"(max-width: 1439px) 100vw, 1439px\" \/><span aria-hidden=\"true\" class=\"wp-block-cover__background has-background-dim\" style=\"background-color:#6b594d\"><\/span><div class=\"wp-block-cover__inner-container is-layout-flow wp-block-cover-is-layout-flow\">\n<h4 class=\"wp-block-gutenverse-heading guten-element guten-eGCPsL\">Au  service  de  votre  sant\u00e9<\/h4>\n\n\n\n<div class=\"guten-element guten-button-wrapper guten-5mFFlt\"><a class=\"guten-button guten-button-xs\" href=\"https:\/\/www.doctoranytime.be\/d\/osteopathe\/licai-pourtois\"><span>Prendre <br>rendez-vous<\/span><\/a><\/div>\n<\/div><\/div>\n<\/div>\n<\/div>\n<\/div>\n\n\n\n<p class=\"has-text-align-right has-mini-font-size\"><em>@frameworkpicture<\/em><\/p>\n\n\n\n<p><\/p>\n\n\n\n<p><\/p>\n\n\n\n<div class=\"wp-block-columns alignfull is-layout-flex wp-container-core-columns-is-layout-28f84493 wp-block-columns-is-layout-flex\">\n<div class=\"wp-block-column is-layout-flow wp-block-column-is-layout-flow\" style=\"flex-basis:50%\">\n<div class=\"wp-block-cover is-light\" style=\"min-height:410px;aspect-ratio:unset;\"><span aria-hidden=\"true\" class=\"wp-block-cover__background has-background-dim-100 has-background-dim\" style=\"background-color:#f6f6f6\"><\/span><div class=\"wp-block-cover__inner-container is-layout-flow wp-block-cover-is-layout-flow\">\n<figure class=\"wp-block-image size-full is-resized has-custom-border is-style-default\" style=\"margin-top:0;margin-bottom:0\"><img decoding=\"async\" width=\"1290\" height=\"1445\" src=\"https:\/\/l-osteo.be\/wp-content\/uploads\/2026\/01\/d2ce773b-f78f-47a0-ac51-4e9d79c57bb8-1.jpg\" alt=\"\" class=\"wp-image-97\" style=\"border-top-left-radius:0px;border-top-right-radius:0px;border-bottom-left-radius:0px;border-bottom-right-radius:0px;aspect-ratio:1;object-fit:contain;width:541px;height:auto\" srcset=\"https:\/\/l-osteo.be\/wp-content\/uploads\/2026\/01\/d2ce773b-f78f-47a0-ac51-4e9d79c57bb8-1.jpg 1290w, https:\/\/l-osteo.be\/wp-content\/uploads\/2026\/01\/d2ce773b-f78f-47a0-ac51-4e9d79c57bb8-1-268x300.jpg 268w, https:\/\/l-osteo.be\/wp-content\/uploads\/2026\/01\/d2ce773b-f78f-47a0-ac51-4e9d79c57bb8-1-914x1024.jpg 914w, https:\/\/l-osteo.be\/wp-content\/uploads\/2026\/01\/d2ce773b-f78f-47a0-ac51-4e9d79c57bb8-1-768x860.jpg 768w\" sizes=\"(max-width: 1290px) 100vw, 1290px\" \/><\/figure>\n<\/div><\/div>\n<\/div>\n\n\n\n<div class=\"wp-block-column is-vertically-aligned-center is-layout-flow wp-block-column-is-layout-flow\" style=\"padding-top:1em;padding-right:1em;padding-bottom:1em;padding-left:1em\">\n<div class=\"wp-block-columns is-layout-flex wp-container-core-columns-is-layout-28f84493 wp-block-columns-is-layout-flex\">\n<div class=\"wp-block-column is-layout-flow wp-block-column-is-layout-flow\" style=\"flex-basis:320px\">\n<h3 class=\"wp-block-gutenverse-heading guten-element guten-VvYQqO\">Lica\u00ef Pourtois, <br>Ost\u00e9opathe D.O<\/h3>\n\n\n\n<p><\/p>\n\n\n\n<p class=\"has-text-align-center\"><span class=\"has-superb-addons-text-align-justify\"><mark style=\"background-color:rgba(0, 0, 0, 0)\" class=\"has-inline-color has-gv-color-border-input-color\">Sportive de haut niveau pendant de nombreuses ann\u00e9es (Ju-Jitsu), j&#8217;ai eu la chance de c\u00f4toyer et d&#8217;\u00eatre encadr\u00e9e par de nombreux th\u00e9rapeutes. <\/mark><br><mark style=\"background-color:rgba(0, 0, 0, 0)\" class=\"has-inline-color has-gv-color-border-input-color\"><br>Entre \u00e9tudes, performance, blessures et entrainements, une choses essentielle que j&#8217;ai apprise est que rien n&#8217;est de plus pr\u00e9cieux que d&#8217;avoir un <strong>corps sain<\/strong> et <strong>\u00eatre en bonne sant\u00e9<\/strong> pour s&#8217;\u00e9panouir et s&#8217;accomplir. <\/mark><br><mark style=\"background-color:rgba(0, 0, 0, 0)\" class=\"has-inline-color has-gv-color-border-input-color\"><br>Aujourd&#8217;hui, dipl\u00f4m\u00e9e de l&#8217;ULB et ost\u00e9opathe, je mets mon exp\u00e9rience et mon expertise au service de celles et ceux qui en ont besoin, qu&#8217;ils soient athl\u00e8tes ou non.<br><br><strong>A chaque patient son histoire, ses besoins et ses objectifs<\/strong>. C&#8217;est donc dans un cadre de bienveillance et d&#8217;\u00e9coute que je vous <strong>accompagne <\/strong>vers un mieux-\u00eatre pour que votre corps devienne votre <strong>meilleur allier<\/strong>.<\/mark><\/span><mark style=\"background-color:rgba(0, 0, 0, 0)\" class=\"has-inline-color has-gv-color-border-input-color\"> <\/mark><\/p>\n<\/div>\n<\/div>\n<\/div>\n<\/div>\n\n\n\n<p><\/p>\n\n\n\n<p><\/p>\n\n\n\n<p><\/p>\n\n\n\n<div class=\"wp-block-media-text has-media-on-the-right is-stacked-on-mobile\" style=\"grid-template-columns:auto 45%\"><div class=\"wp-block-media-text__content\">\n<h3 class=\"wp-block-gutenverse-heading guten-element guten-I7sijx\">Infos pratiques<\/h3>\n\n\n\n<p class=\"has-text-align-center has-gv-color-white-color has-text-color has-link-color wp-elements-11cd862932f7db06d8f94c534eced746\">Route de Charleroi, 248 _ 7134 Leval-Trahegnies (Binche)<br><br>Parking GRATUIT<br><br>Tarif : 65\u20ac\/s\u00e9ance\/pers<br><br>Annulation gratuite <strong>&lt;24h<\/strong> <br>via le site de prise de rendez-vous <br>ou par sms au 0456.75.28.24<br><br>Ne prend pas en charge les b\u00e9b\u00e9s<\/p>\n\n\n\n<p class=\"has-gv-color-white-color has-text-color has-link-color wp-elements-288f622d4c2d4d5bd580f103f6c6a95c\"><\/p>\n\n\n\n<p><\/p>\n\n\n\n<p><\/p>\n\n\n\n<p><\/p>\n\n\n\n<p><\/p>\n\n\n\n<p><\/p>\n<\/div><figure class=\"wp-block-media-text__media\"><img decoding=\"async\" width=\"902\" height=\"1024\" src=\"https:\/\/l-osteo.be\/wp-content\/uploads\/2026\/01\/cabinet--902x1024.jpg\" alt=\"\" class=\"wp-image-108 size-full\" srcset=\"https:\/\/l-osteo.be\/wp-content\/uploads\/2026\/01\/cabinet--902x1024.jpg 902w, https:\/\/l-osteo.be\/wp-content\/uploads\/2026\/01\/cabinet--264x300.jpg 264w, https:\/\/l-osteo.be\/wp-content\/uploads\/2026\/01\/cabinet--768x872.jpg 768w, https:\/\/l-osteo.be\/wp-content\/uploads\/2026\/01\/cabinet-.jpg 1152w\" sizes=\"(max-width: 902px) 100vw, 902px\" \/><\/figure><\/div>\n\n\n\n<div class=\"wp-block-media-text is-stacked-on-mobile\" style=\"grid-template-columns:48% auto\"><figure class=\"wp-block-media-text__media\"><img decoding=\"async\" width=\"1024\" height=\"720\" src=\"https:\/\/l-osteo.be\/wp-content\/uploads\/2026\/01\/IMG_7707-2-1024x720.jpg\" alt=\"\" class=\"wp-image-129 size-full\" srcset=\"https:\/\/l-osteo.be\/wp-content\/uploads\/2026\/01\/IMG_7707-2-1024x720.jpg 1024w, https:\/\/l-osteo.be\/wp-content\/uploads\/2026\/01\/IMG_7707-2-300x211.jpg 300w, https:\/\/l-osteo.be\/wp-content\/uploads\/2026\/01\/IMG_7707-2-768x540.jpg 768w, https:\/\/l-osteo.be\/wp-content\/uploads\/2026\/01\/IMG_7707-2.jpg 1149w\" sizes=\"(max-width: 1024px) 100vw, 1024px\" \/><\/figure><div class=\"wp-block-media-text__content\">\n<h3 class=\"wp-block-gutenverse-heading guten-element guten-2ZPSH7\"><br>Accessibilit\u00e9<\/h3>\n\n\n\n<p class=\"has-text-align-center has-gv-color-white-color has-text-color has-link-color wp-elements-ec54aab6cc7e8d2679b4b6a8a4aabe4b\">Batiment N\u00b0 248<br>L&#8217;entr\u00e9e des cabinets m\u00e9dicaux est la <strong>2\u00e8me porte<\/strong> situ\u00e9e <br>sur la <strong>fa\u00e7ade lat\u00e9rale<\/strong> du b\u00e2timent. (voir photo)<\/p>\n\n\n\n<p><\/p>\n\n\n\n<p><\/p>\n\n\n\n<p><\/p>\n<\/div><\/div>\n\n\n\n<div class=\"wp-block-group alignfull has-background-color is-layout-constrained wp-container-core-group-is-layout-5d2f8bdc wp-block-group-is-layout-constrained\" style=\"margin-top:0;margin-bottom:0;padding-top:var(--wp--preset--spacing--40);padding-right:var(--wp--preset--spacing--30);padding-bottom:var(--wp--preset--spacing--40);padding-left:var(--wp--preset--spacing--30)\">\n<div class=\"wp-block-media-text has-media-on-the-right is-stacked-on-mobile\" style=\"grid-template-columns:auto 51%\"><div class=\"wp-block-media-text__content\">\n<h3 class=\"wp-block-gutenverse-heading guten-element guten-T6eZK7\"><br>Collaboration sportive<\/h3>\n\n\n\n<p class=\"has-text-align-center has-gv-color-white-color has-text-color has-link-color wp-elements-44dd402528331de2fdadb6684f9e168f\">Vous \u00eates un <strong>club de sport<\/strong> ou une <strong>f\u00e9d\u00e9ration sportive<\/strong> ? <br>Je reste ouverte \u00e0 toute collaboration ou partenariat.<br>N&#8217;h\u00e9sitez pas \u00e0 me <strong>contacter <\/strong>par t\u00e9l\u00e9phone au <strong>0456.75.28.24<\/strong><br>OU par email sur <strong><em><a href=\"mailto:lp@l-osteo.be\">lp@l-osteo.be<\/a><\/em><\/strong><\/p>\n\n\n\n<p class=\"has-text-align-center has-gv-color-border-input-color has-text-color has-link-color wp-elements-601b6f07b9850608b52ee5c10217f795\"><br><strong>Ev\u00e8nements \/ collaboration <\/strong>: <br>&#8211; 2023 : Stage au RRC Waterloo (Football _ P1-P3)<br>&#8211; 2024 : Hainaut Cup Judo <br>&#8211; Crossfit Hawknest (Battle of Dunkerque 2024; 24h to Beat the Cancer 2025)<\/p>\n<\/div><figure class=\"wp-block-media-text__media\"><img decoding=\"async\" width=\"1024\" height=\"683\" src=\"https:\/\/l-osteo.be\/wp-content\/uploads\/2026\/01\/3M5A9276-1024x683.jpg\" alt=\"\" class=\"wp-image-133 size-full\" srcset=\"https:\/\/l-osteo.be\/wp-content\/uploads\/2026\/01\/3M5A9276-1024x683.jpg 1024w, https:\/\/l-osteo.be\/wp-content\/uploads\/2026\/01\/3M5A9276-300x200.jpg 300w, https:\/\/l-osteo.be\/wp-content\/uploads\/2026\/01\/3M5A9276-768x512.jpg 768w, https:\/\/l-osteo.be\/wp-content\/uploads\/2026\/01\/3M5A9276-1536x1025.jpg 1536w, https:\/\/l-osteo.be\/wp-content\/uploads\/2026\/01\/3M5A9276.jpg 2048w\" sizes=\"(max-width: 1024px) 100vw, 1024px\" \/><\/figure><\/div>\n\n\n\n<div class=\"guten-element gutenverse-text-editor guten-BFJObD\"><div class=\"text-content-inner\">\n<p class=\"has-text-align-right has-mini-font-size\"><em>@frameworkpicture<\/em><\/p>\n<\/div><\/div>\n<\/div>\n\n\n\n<div class=\"guten-element gutenverse-text-editor guten-feEWyB\"><div class=\"text-content-inner\">\n<p><\/p>\n<\/div><\/div>\n\n\n\n<div class=\"guten-element guten-buttons-wrapper\"><div class=\"guten-element guten-buttons vertical guten-FPPUEN\">\n<div class=\"guten-element guten-button-wrapper guten-JTGOur\"><a class=\"guten-button guten-button-success guten-button-xs\" href=\"https:\/\/fr.wikipedia.org\/wiki\/Lica\u00ef_Pourtois\"><span>Profil sportif<\/span><\/a><\/div>\n\n\n\n<div class=\"guten-element guten-button-wrapper guten-Gs4w6l\"><a class=\"guten-button guten-button-xs\" href=\"https:\/\/www.facebook.com\/profile.php?id=61566897820076\"><span>Facebook<\/span><\/a><\/div>\n\n\n\n<div class=\"guten-element guten-button-wrapper guten-yZOeiA\"><a class=\"guten-button guten-button-danger guten-button-xs\" href=\"https:\/\/www.instagram.com\/licai_osteo\/\"><span>Instagram<\/span><\/a><\/div>\n<\/div><\/div>\n\n\n\n<div class=\"wp-block-superb-addons-animated-heading superbaddons-animated-heading-block superbaddons-animated-heading-effect2\" id=\"block-e2a0c407-1024-4b30-95e8-7e5f3d81b0f8\" data-animation=\"effect2\" data-animation-speed=\"60\" data-animation-loop=\"true\">\n<h2 class=\"wp-block-heading\"><\/h2>\n<\/div>\n\n\n\n<h5 class=\"wp-block-gutenverse-heading guten-element guten-fJrkQo\"><strong>Besoin de plus d&#8217;infos ?   <\/strong><br><strong>Contactez-moi au 0456.75.28.24  <\/strong><\/h5>\n\n\n\n<div class=\"guten-element gutenverse-text-editor guten-Dg0mi0\"><div class=\"text-content-inner\">\n<p><\/p>\n<\/div><\/div>\n\n\n\n<div class=\"guten-element gutenverse-maps guten-maps guten-4P56iW\" data-src=\"https:\/\/maps.google.com\/maps?q=Lica%C3%AF%20Pourtois%20Ost%C3%A9opathe%20DO&amp;z=13&amp;t=m&amp;output=embed&amp;iwloc=near\"><iframe frameborder=\"0\" scrolling=\"no\" marginheight=\"0\" marginwidth=\"0\" src=\"\" title=\"Lica\u00ef Pourtois Ost\u00e9opathe DO\"><\/iframe><\/div>\n\n\n\n<div class=\"wp-block-group alignfull is-style-superbaddons-card has-contrast-color has-vivid-green-cyan-background-color has-text-color has-background is-vertical is-content-justification-center is-layout-flex wp-container-core-group-is-layout-f306f087 wp-block-group-is-layout-flex\" style=\"min-height:40vh;margin-top:0;margin-bottom:0;padding-top:var(--wp--preset--spacing--60);padding-right:var(--wp--preset--spacing--50);padding-bottom:var(--wp--preset--spacing--60);padding-left:var(--wp--preset--spacing--50);background-image:url(&apos;http:\/\/l-osteo.be\/wp-content\/uploads\/2026\/01\/HVBA-CI-ABSOLU-3-rotated.jpg&apos;);background-position:61% 89%;background-size:cover;\"><div style=\"margin-bottom:6px;\" class=\"is-default-size aligncenter wp-block-site-logo\"><a href=\"https:\/\/l-osteo.be\/\" class=\"custom-logo-link\" rel=\"home\"><img decoding=\"async\" width=\"1052\" height=\"526\" src=\"https:\/\/l-osteo.be\/wp-content\/uploads\/2026\/01\/os.png\" class=\"custom-logo\" alt=\"\" srcset=\"https:\/\/l-osteo.be\/wp-content\/uploads\/2026\/01\/os.png 1052w, https:\/\/l-osteo.be\/wp-content\/uploads\/2026\/01\/os-300x150.png 300w, https:\/\/l-osteo.be\/wp-content\/uploads\/2026\/01\/os-1024x512.png 1024w, https:\/\/l-osteo.be\/wp-content\/uploads\/2026\/01\/os-768x384.png 768w\" sizes=\"(max-width: 1052px) 100vw, 1052px\" \/><\/a><\/div>\n\n\n<ul class=\"wp-block-social-links has-normal-icon-size is-style-logos-only is-nowrap is-layout-flex wp-container-core-social-links-is-layout-65900438 wp-block-social-links-is-layout-flex\"><li class=\"wp-social-link wp-social-link-instagram  wp-block-social-link\"><a href=\"https:\/\/www.instagram.com\/licai_osteo\/\" class=\"wp-block-social-link-anchor\"><svg width=\"24\" height=\"24\" viewBox=\"0 0 24 24\" version=\"1.1\" xmlns=\"http:\/\/www.w3.org\/2000\/svg\" aria-hidden=\"true\" focusable=\"false\"><path d=\"M12,4.622c2.403,0,2.688,0.009,3.637,0.052c0.877,0.04,1.354,0.187,1.671,0.31c0.42,0.163,0.72,0.358,1.035,0.673 c0.315,0.315,0.51,0.615,0.673,1.035c0.123,0.317,0.27,0.794,0.31,1.671c0.043,0.949,0.052,1.234,0.052,3.637 s-0.009,2.688-0.052,3.637c-0.04,0.877-0.187,1.354-0.31,1.671c-0.163,0.42-0.358,0.72-0.673,1.035 c-0.315,0.315-0.615,0.51-1.035,0.673c-0.317,0.123-0.794,0.27-1.671,0.31c-0.949,0.043-1.233,0.052-3.637,0.052 s-2.688-0.009-3.637-0.052c-0.877-0.04-1.354-0.187-1.671-0.31c-0.42-0.163-0.72-0.358-1.035-0.673 c-0.315-0.315-0.51-0.615-0.673-1.035c-0.123-0.317-0.27-0.794-0.31-1.671C4.631,14.688,4.622,14.403,4.622,12 s0.009-2.688,0.052-3.637c0.04-0.877,0.187-1.354,0.31-1.671c0.163-0.42,0.358-0.72,0.673-1.035 c0.315-0.315,0.615-0.51,1.035-0.673c0.317-0.123,0.794-0.27,1.671-0.31C9.312,4.631,9.597,4.622,12,4.622 M12,3 C9.556,3,9.249,3.01,8.289,3.054C7.331,3.098,6.677,3.25,6.105,3.472C5.513,3.702,5.011,4.01,4.511,4.511 c-0.5,0.5-0.808,1.002-1.038,1.594C3.25,6.677,3.098,7.331,3.054,8.289C3.01,9.249,3,9.556,3,12c0,2.444,0.01,2.751,0.054,3.711 c0.044,0.958,0.196,1.612,0.418,2.185c0.23,0.592,0.538,1.094,1.038,1.594c0.5,0.5,1.002,0.808,1.594,1.038 c0.572,0.222,1.227,0.375,2.185,0.418C9.249,20.99,9.556,21,12,21s2.751-0.01,3.711-0.054c0.958-0.044,1.612-0.196,2.185-0.418 c0.592-0.23,1.094-0.538,1.594-1.038c0.5-0.5,0.808-1.002,1.038-1.594c0.222-0.572,0.375-1.227,0.418-2.185 C20.99,14.751,21,14.444,21,12s-0.01-2.751-0.054-3.711c-0.044-0.958-0.196-1.612-0.418-2.185c-0.23-0.592-0.538-1.094-1.038-1.594 c-0.5-0.5-1.002-0.808-1.594-1.038c-0.572-0.222-1.227-0.375-2.185-0.418C14.751,3.01,14.444,3,12,3L12,3z M12,7.378 c-2.552,0-4.622,2.069-4.622,4.622S9.448,16.622,12,16.622s4.622-2.069,4.622-4.622S14.552,7.378,12,7.378z M12,15 c-1.657,0-3-1.343-3-3s1.343-3,3-3s3,1.343,3,3S13.657,15,12,15z M16.804,6.116c-0.596,0-1.08,0.484-1.08,1.08 s0.484,1.08,1.08,1.08c0.596,0,1.08-0.484,1.08-1.08S17.401,6.116,16.804,6.116z\"><\/path><\/svg><span class=\"wp-block-social-link-label screen-reader-text\">Instagram<\/span><\/a><\/li>\n\n<li class=\"wp-social-link wp-social-link-facebook  wp-block-social-link\"><a href=\"https:\/\/www.facebook.com\/profile.php?id=61566897820076\" class=\"wp-block-social-link-anchor\"><svg width=\"24\" height=\"24\" viewBox=\"0 0 24 24\" version=\"1.1\" xmlns=\"http:\/\/www.w3.org\/2000\/svg\" aria-hidden=\"true\" focusable=\"false\"><path d=\"M12 2C6.5 2 2 6.5 2 12c0 5 3.7 9.1 8.4 9.9v-7H7.9V12h2.5V9.8c0-2.5 1.5-3.9 3.8-3.9 1.1 0 2.2.2 2.2.2v2.5h-1.3c-1.2 0-1.6.8-1.6 1.6V12h2.8l-.4 2.9h-2.3v7C18.3 21.1 22 17 22 12c0-5.5-4.5-10-10-10z\"><\/path><\/svg><span class=\"wp-block-social-link-label screen-reader-text\">Facebook<\/span><\/a><\/li><\/ul>\n<\/div>\n","protected":false},"excerpt":{"rendered":"<p>@frameworkpicture Sportive de haut niveau pendant de nombreuses ann\u00e9es (Ju-Jitsu), j&#8217;ai eu la chance de c\u00f4toyer et d&#8217;\u00eatre encadr\u00e9e par de nombreux th\u00e9rapeutes. Entre \u00e9tudes, performance, blessures et entrainements, une choses essentielle que j&#8217;ai apprise est que rien n&#8217;est de plus pr\u00e9cieux que d&#8217;avoir un corps sain et \u00eatre en bonne sant\u00e9 pour s&#8217;\u00e9panouir et [&hellip;]<\/p>\n","protected":false},"author":1,"featured_media":0,"parent":0,"menu_order":0,"comment_status":"closed","ping_status":"closed","template":"superbaddons-page-template","meta":{"footnotes":""},"class_list":["post-39","page","type-page","status-publish","hentry"],"_links":{"self":[{"href":"https:\/\/l-osteo.be\/index.php\/wp-json\/wp\/v2\/pages\/39","targetHints":{"allow":["GET"]}}],"collection":[{"href":"https:\/\/l-osteo.be\/index.php\/wp-json\/wp\/v2\/pages"}],"about":[{"href":"https:\/\/l-osteo.be\/index.php\/wp-json\/wp\/v2\/types\/page"}],"author":[{"embeddable":true,"href":"https:\/\/l-osteo.be\/index.php\/wp-json\/wp\/v2\/users\/1"}],"replies":[{"embeddable":true,"href":"https:\/\/l-osteo.be\/index.php\/wp-json\/wp\/v2\/comments?post=39"}],"version-history":[{"count":78,"href":"https:\/\/l-osteo.be\/index.php\/wp-json\/wp\/v2\/pages\/39\/revisions"}],"predecessor-version":[{"id":195,"href":"https:\/\/l-osteo.be\/index.php\/wp-json\/wp\/v2\/pages\/39\/revisions\/195"}],"wp:attachment":[{"href":"https:\/\/l-osteo.be\/index.php\/wp-json\/wp\/v2\/media?parent=39"}],"curies":[{"name":"wp","href":"https:\/\/api.w.org\/{rel}","templated":true}]}}